{"id":9032,"date":"2021-08-26T06:33:48","date_gmt":"2021-08-26T06:33:48","guid":{"rendered":"https:\/\/centrodeportivocortijoalto.stilogolab.com\/condiciones-de-inscripcion-en-el-entrenamiento-funcional-alien-box\/"},"modified":"2021-10-14T11:03:50","modified_gmt":"2021-10-14T11:03:50","slug":"enrolment-conditions-of-alien-box-functional-training","status":"publish","type":"page","link":"https:\/\/www.centrodeportivocortijoalto.com\/en\/enrolment-conditions-of-alien-box-functional-training\/","title":{"rendered":"Enrolment conditions of Alien Box functional training"},"content":{"rendered":"<p>There is an enrolment fee of \u20ac10. This must be paid when re-starting the activity if you cancel attendance during the course.<\/p>\n<p>The monthly payment must be made in advance and in cash at the sports centre, or via Bizum or credit card.<\/p>\n<p>All rates are monthly, i.e. the sessions must be consumed within the calendar month, except for the vouchers of 1 or 10 classes that may be used for a period of four months from their date of issue.<\/p>\n<p>To mange class reservations and cancellations, the sports centre has a current LOPDGDD-compliant app (a third party app -Wodbuster-) that should be downloaded to the user&#8217;s mobile phone. Classes can only be booked or cancelled by means of this app.<\/p>\n<p>The student can make weekly bookings of classes starting every Sunday at 9.30am, and reservations will be made on a first-come-first-served basis until the maximum occupancy of 15 pupils per class is reached. You can cancel your participation in a class up to one hour before the class starts. If you do not do so, the application will count the class as given, unless your place is requested by another pupil.<\/p>\n<p>There are no activities on public holidays, or during the weeks of Christmas and Easter. There is no training during the month of August.<\/p>\n<p>In the case of rain, no class is given and the corresponding amount is not consumed from the voucher.<\/p>\n<p>The sports centre reserves the right to change\/cancel\/suspend some or any of the scheduled training timetables.<\/p>\n<p>The sports centre reserves the right to apply any rules it deems necessary to implement to maintain the good functioning of this activity.<\/p>\n","protected":false},"excerpt":{"rendered":"<p>There is an enrolment fee of \u20ac10. This must be paid when re-starting the activity if you cancel attendance during the course. The monthly payment must be made in advance and in cash at the sports centre, or via Bizum<a class=\"btn btn-featured-news\" href=\"https:\/\/www.centrodeportivocortijoalto.com\/en\/enrolment-conditions-of-alien-box-functional-training\/\">Read more<\/a><\/p>\n","protected":false},"author":1,"featured_media":0,"parent":0,"menu_order":19,"comment_status":"closed","ping_status":"closed","template":"","meta":{"_acf_changed":false,"footnotes":""},"class_list":["post-9032","page","type-page","status-publish","hentry"],"acf":[],"yoast_head":"<!-- This site is optimized with the Yoast SEO plugin v27.4 - https:\/\/yoast.com\/product\/yoast-seo-wordpress\/ -->\n<title>Enrolment conditions of Alien Box functional training - Centro deportivo cortijo alto M\u00e1laga<\/title>\n<meta name=\"robots\" content=\"index, follow, max-snippet:-1, max-image-preview:large, max-video-preview:-1\" \/>\n<link rel=\"canonical\" href=\"https:\/\/www.centrodeportivocortijoalto.com\/condiciones-de-inscripcion-en-el-entrenamiento-funcional-alien-box\/\" \/>\n<meta property=\"og:locale\" content=\"en_US\" \/>\n<meta property=\"og:type\" content=\"article\" \/>\n<meta property=\"og:title\" content=\"Enrolment conditions of Alien Box functional training - Centro deportivo cortijo alto M\u00e1laga\" \/>\n<meta property=\"og:description\" content=\"There is an enrolment fee of \u20ac10. This must be paid when re-starting the activity if you cancel attendance during the course. The monthly payment must be made in advance and in cash at the sports centre, or via BizumRead more\" \/>\n<meta property=\"og:url\" content=\"https:\/\/www.centrodeportivocortijoalto.com\/condiciones-de-inscripcion-en-el-entrenamiento-funcional-alien-box\/\" \/>\n<meta property=\"og:site_name\" content=\"Centro deportivo cortijo alto M\u00e1laga\" \/>\n<meta property=\"article:publisher\" content=\"https:\/\/www.facebook.com\/tenisypadelcortijoalto\/?locale=es_ES\" \/>\n<meta property=\"article:modified_time\" content=\"2021-10-14T11:03:50+00:00\" \/>\n<meta name=\"twitter:card\" content=\"summary_large_image\" \/>\n<meta name=\"twitter:label1\" content=\"Est. reading time\" \/>\n\t<meta name=\"twitter:data1\" content=\"1 minute\" \/>\n<script type=\"application\/ld+json\" class=\"yoast-schema-graph\">{\"@context\":\"https:\\\/\\\/schema.org\",\"@graph\":[{\"@type\":\"WebPage\",\"@id\":\"https:\\\/\\\/www.centrodeportivocortijoalto.com\\\/condiciones-de-inscripcion-en-el-entrenamiento-funcional-alien-box\\\/\",\"url\":\"https:\\\/\\\/www.centrodeportivocortijoalto.com\\\/condiciones-de-inscripcion-en-el-entrenamiento-funcional-alien-box\\\/\",\"name\":\"Enrolment conditions of Alien Box functional training - Centro deportivo cortijo alto M\u00e1laga\",\"isPartOf\":{\"@id\":\"https:\\\/\\\/www.centrodeportivocortijoalto.com\\\/#website\"},\"datePublished\":\"2021-08-26T06:33:48+00:00\",\"dateModified\":\"2021-10-14T11:03:50+00:00\",\"breadcrumb\":{\"@id\":\"https:\\\/\\\/www.centrodeportivocortijoalto.com\\\/condiciones-de-inscripcion-en-el-entrenamiento-funcional-alien-box\\\/#breadcrumb\"},\"inLanguage\":\"en-US\",\"potentialAction\":[{\"@type\":\"ReadAction\",\"target\":[\"https:\\\/\\\/www.centrodeportivocortijoalto.com\\\/condiciones-de-inscripcion-en-el-entrenamiento-funcional-alien-box\\\/\"]}]},{\"@type\":\"BreadcrumbList\",\"@id\":\"https:\\\/\\\/www.centrodeportivocortijoalto.com\\\/condiciones-de-inscripcion-en-el-entrenamiento-funcional-alien-box\\\/#breadcrumb\",\"itemListElement\":[{\"@type\":\"ListItem\",\"position\":1,\"name\":\"Portada\",\"item\":\"https:\\\/\\\/www.centrodeportivocortijoalto.com\\\/\"},{\"@type\":\"ListItem\",\"position\":2,\"name\":\"Enrolment conditions of Alien Box functional training\"}]},{\"@type\":\"WebSite\",\"@id\":\"https:\\\/\\\/www.centrodeportivocortijoalto.com\\\/#website\",\"url\":\"https:\\\/\\\/www.centrodeportivocortijoalto.com\\\/\",\"name\":\"Centro Deportivo Cortijo Alto\",\"description\":\"Cortijo Alto, Centro especializado en la ense\u00f1anza del tenis en M\u00e1laga, Podr\u00e1s apuntar a la escuela, alquilar pistas de tenis, de p\u00e1del y clases de entrenamiento funcional al aire libre.\",\"publisher\":{\"@id\":\"https:\\\/\\\/www.centrodeportivocortijoalto.com\\\/#organization\"},\"potentialAction\":[{\"@type\":\"SearchAction\",\"target\":{\"@type\":\"EntryPoint\",\"urlTemplate\":\"https:\\\/\\\/www.centrodeportivocortijoalto.com\\\/?s={search_term_string}\"},\"query-input\":{\"@type\":\"PropertyValueSpecification\",\"valueRequired\":true,\"valueName\":\"search_term_string\"}}],\"inLanguage\":\"en-US\"},{\"@type\":\"Organization\",\"@id\":\"https:\\\/\\\/www.centrodeportivocortijoalto.com\\\/#organization\",\"name\":\"Centro Deportivo Cortijo Alto\",\"url\":\"https:\\\/\\\/www.centrodeportivocortijoalto.com\\\/\",\"logo\":{\"@type\":\"ImageObject\",\"inLanguage\":\"en-US\",\"@id\":\"https:\\\/\\\/www.centrodeportivocortijoalto.com\\\/#\\\/schema\\\/logo\\\/image\\\/\",\"url\":\"https:\\\/\\\/www.centrodeportivocortijoalto.com\\\/wp-content\\\/uploads\\\/2023\\\/01\\\/Logotipo-escuela-de-tenis-para-NUEVOS-carteles.jpg\",\"contentUrl\":\"https:\\\/\\\/www.centrodeportivocortijoalto.com\\\/wp-content\\\/uploads\\\/2023\\\/01\\\/Logotipo-escuela-de-tenis-para-NUEVOS-carteles.jpg\",\"width\":958,\"height\":1024,\"caption\":\"Centro Deportivo Cortijo Alto\"},\"image\":{\"@id\":\"https:\\\/\\\/www.centrodeportivocortijoalto.com\\\/#\\\/schema\\\/logo\\\/image\\\/\"},\"sameAs\":[\"https:\\\/\\\/www.facebook.com\\\/tenisypadelcortijoalto\\\/?locale=es_ES\",\"https:\\\/\\\/www.instagram.com\\\/teniscortijoalto\\\/?hl=es\"]}]}<\/script>\n<!-- \/ Yoast SEO plugin. -->","yoast_head_json":{"title":"Enrolment conditions of Alien Box functional training - Centro deportivo cortijo alto M\u00e1laga","robots":{"index":"index","follow":"follow","max-snippet":"max-snippet:-1","max-image-preview":"max-image-preview:large","max-video-preview":"max-video-preview:-1"},"canonical":"https:\/\/www.centrodeportivocortijoalto.com\/condiciones-de-inscripcion-en-el-entrenamiento-funcional-alien-box\/","og_locale":"en_US","og_type":"article","og_title":"Enrolment conditions of Alien Box functional training - Centro deportivo cortijo alto M\u00e1laga","og_description":"There is an enrolment fee of \u20ac10. This must be paid when re-starting the activity if you cancel attendance during the course. The monthly payment must be made in advance and in cash at the sports centre, or via BizumRead more","og_url":"https:\/\/www.centrodeportivocortijoalto.com\/condiciones-de-inscripcion-en-el-entrenamiento-funcional-alien-box\/","og_site_name":"Centro deportivo cortijo alto M\u00e1laga","article_publisher":"https:\/\/www.facebook.com\/tenisypadelcortijoalto\/?locale=es_ES","article_modified_time":"2021-10-14T11:03:50+00:00","twitter_card":"summary_large_image","twitter_misc":{"Est. reading time":"1 minute"},"schema":{"@context":"https:\/\/schema.org","@graph":[{"@type":"WebPage","@id":"https:\/\/www.centrodeportivocortijoalto.com\/condiciones-de-inscripcion-en-el-entrenamiento-funcional-alien-box\/","url":"https:\/\/www.centrodeportivocortijoalto.com\/condiciones-de-inscripcion-en-el-entrenamiento-funcional-alien-box\/","name":"Enrolment conditions of Alien Box functional training - Centro deportivo cortijo alto M\u00e1laga","isPartOf":{"@id":"https:\/\/www.centrodeportivocortijoalto.com\/#website"},"datePublished":"2021-08-26T06:33:48+00:00","dateModified":"2021-10-14T11:03:50+00:00","breadcrumb":{"@id":"https:\/\/www.centrodeportivocortijoalto.com\/condiciones-de-inscripcion-en-el-entrenamiento-funcional-alien-box\/#breadcrumb"},"inLanguage":"en-US","potentialAction":[{"@type":"ReadAction","target":["https:\/\/www.centrodeportivocortijoalto.com\/condiciones-de-inscripcion-en-el-entrenamiento-funcional-alien-box\/"]}]},{"@type":"BreadcrumbList","@id":"https:\/\/www.centrodeportivocortijoalto.com\/condiciones-de-inscripcion-en-el-entrenamiento-funcional-alien-box\/#breadcrumb","itemListElement":[{"@type":"ListItem","position":1,"name":"Portada","item":"https:\/\/www.centrodeportivocortijoalto.com\/"},{"@type":"ListItem","position":2,"name":"Enrolment conditions of Alien Box functional training"}]},{"@type":"WebSite","@id":"https:\/\/www.centrodeportivocortijoalto.com\/#website","url":"https:\/\/www.centrodeportivocortijoalto.com\/","name":"Centro Deportivo Cortijo Alto","description":"Cortijo Alto, Centro especializado en la ense\u00f1anza del tenis en M\u00e1laga, Podr\u00e1s apuntar a la escuela, alquilar pistas de tenis, de p\u00e1del y clases de entrenamiento funcional al aire libre.","publisher":{"@id":"https:\/\/www.centrodeportivocortijoalto.com\/#organization"},"potentialAction":[{"@type":"SearchAction","target":{"@type":"EntryPoint","urlTemplate":"https:\/\/www.centrodeportivocortijoalto.com\/?s={search_term_string}"},"query-input":{"@type":"PropertyValueSpecification","valueRequired":true,"valueName":"search_term_string"}}],"inLanguage":"en-US"},{"@type":"Organization","@id":"https:\/\/www.centrodeportivocortijoalto.com\/#organization","name":"Centro Deportivo Cortijo Alto","url":"https:\/\/www.centrodeportivocortijoalto.com\/","logo":{"@type":"ImageObject","inLanguage":"en-US","@id":"https:\/\/www.centrodeportivocortijoalto.com\/#\/schema\/logo\/image\/","url":"https:\/\/www.centrodeportivocortijoalto.com\/wp-content\/uploads\/2023\/01\/Logotipo-escuela-de-tenis-para-NUEVOS-carteles.jpg","contentUrl":"https:\/\/www.centrodeportivocortijoalto.com\/wp-content\/uploads\/2023\/01\/Logotipo-escuela-de-tenis-para-NUEVOS-carteles.jpg","width":958,"height":1024,"caption":"Centro Deportivo Cortijo Alto"},"image":{"@id":"https:\/\/www.centrodeportivocortijoalto.com\/#\/schema\/logo\/image\/"},"sameAs":["https:\/\/www.facebook.com\/tenisypadelcortijoalto\/?locale=es_ES","https:\/\/www.instagram.com\/teniscortijoalto\/?hl=es"]}]}},"_links":{"self":[{"href":"https:\/\/www.centrodeportivocortijoalto.com\/en\/wp-json\/wp\/v2\/pages\/9032","targetHints":{"allow":["GET"]}}],"collection":[{"href":"https:\/\/www.centrodeportivocortijoalto.com\/en\/wp-json\/wp\/v2\/pages"}],"about":[{"href":"https:\/\/www.centrodeportivocortijoalto.com\/en\/wp-json\/wp\/v2\/types\/page"}],"author":[{"embeddable":true,"href":"https:\/\/www.centrodeportivocortijoalto.com\/en\/wp-json\/wp\/v2\/users\/1"}],"replies":[{"embeddable":true,"href":"https:\/\/www.centrodeportivocortijoalto.com\/en\/wp-json\/wp\/v2\/comments?post=9032"}],"version-history":[{"count":3,"href":"https:\/\/www.centrodeportivocortijoalto.com\/en\/wp-json\/wp\/v2\/pages\/9032\/revisions"}],"predecessor-version":[{"id":9614,"href":"https:\/\/www.centrodeportivocortijoalto.com\/en\/wp-json\/wp\/v2\/pages\/9032\/revisions\/9614"}],"wp:attachment":[{"href":"https:\/\/www.centrodeportivocortijoalto.com\/en\/wp-json\/wp\/v2\/media?parent=9032"}],"curies":[{"name":"wp","href":"https:\/\/api.w.org\/{rel}","templated":true}]}}